{"id":3390,"date":"2025-05-02T07:28:11","date_gmt":"2025-05-02T06:28:11","guid":{"rendered":"https:\/\/www.human-audio.hu\/?page_id=3390"},"modified":"2026-02-21T20:54:58","modified_gmt":"2026-02-21T19:54:58","slug":"scene_hu","status":"publish","type":"page","link":"https:\/\/www.human-audio.hu\/scene_hu\/","title":{"rendered":"scene_hu"},"content":{"rendered":"<p><img loading=\"lazy\" decoding=\"async\" class=\"wp-image-3388 aligncenter\" src=\"https:\/\/www.human-audio.hu\/wp-content\/uploads\/2025\/05\/scene_bamboo_4-1000x667.jpg\" alt=\"\" width=\"900\" height=\"600\" srcset=\"https:\/\/www.human-audio.hu\/wp-content\/uploads\/2025\/05\/scene_bamboo_4-1000x667.jpg 1000w, https:\/\/www.human-audio.hu\/wp-content\/uploads\/2025\/05\/scene_bamboo_4-768x512.jpg 768w, https:\/\/www.human-audio.hu\/wp-content\/uploads\/2025\/05\/scene_bamboo_4-1536x1024.jpg 1536w, https:\/\/www.human-audio.hu\/wp-content\/uploads\/2025\/05\/scene_bamboo_4-2048x1365.jpg 2048w, https:\/\/www.human-audio.hu\/wp-content\/uploads\/2025\/05\/scene_bamboo_4-570x380.jpg 570w, https:\/\/www.human-audio.hu\/wp-content\/uploads\/2025\/05\/scene_bamboo_4-380x254.jpg 380w, https:\/\/www.human-audio.hu\/wp-content\/uploads\/2025\/05\/scene_bamboo_4-285x190.jpg 285w\" sizes=\"auto, (max-width: 900px) 100vw, 900px\" \/><\/p>\n<p style=\"text-align: center;\"><span style=\"font-size: 12pt; color: #999999;\"><strong><span style=\"font-size: 14pt;\">Scene<\/span><br \/>(Hangsug\u00e1rz\u00f3)<\/strong><\/span><\/p>\n<p><span style=\"font-size: 12pt; color: #999999;\">Egy igazi \u201ehangfal\u201d.<\/span><\/p>\n<p><span style=\"font-size: 12pt; color: #999999;\">T\u00f6bb\u00fcnk elgondolkodott ak\u00e1r m\u00e1r gyermekkor\u00e1ban ezen az \u00e9rdekes kifejez\u00e9sen \u00e9s nem \u00e9rtett\u00fcnk mit\u0151l is fal a fal. <\/span><span style=\"font-size: 12pt; color: #999999;\">Mik\u00f6zben egyre kompaktabb, univerz\u00e1lisabb hangdobozokat fejlesztettek, gy\u00e1rtottak \u00e9s term\u00e9szetesen hallgattak az emberek az elm\u00falt \u00e9vtizedekben, el is felejtett\u00e9k \/ felejtett\u00fck azt az \u00e9rz\u00e9st, azt az atmoszf\u00e9r\u00e1t melyet csakis egy \u201enyitott doboz\u201d, egy igazi \u201efal\u201d tud teremteni k\u00f6r\u00fcl\u00f6tt\u00fcnk. <\/span><span style=\"font-size: 12pt; color: #999999;\">A fejleszt\u0151k r\u00e9gi \u00e1lma teljes\u00fcl most, mikor b\u00fcszk\u00e9n mutatjuk be a saj\u00e1t \u201efalunkat\u201d mely term\u00e9szetesen nem mentes a kompromisszumt\u00f3l, viszont ha siker\u00fcl nagyobb t\u00e9rben helyesen elhelyezn\u00fcnk p\u00e1ratlanul val\u00f3s\u00e1gh\u0171 zenei \u00e9lm\u00e9nyben r\u00e9szes\u00fclhet a hallgat\u00f3s\u00e1g. <\/span><\/p>\n<p><strong><span style=\"font-size: 12pt; color: #999999;\">Tulajdons\u00e1gok:<\/span><\/strong><\/p>\n<p style=\"padding-left: 40px;\"><span style=\"font-size: 12pt; color: #999999;\">K\u00e9t utas, teljesen nyitott, \u201cDipol\u201d hangsug\u00e1rz\u00f3<span class=\"Apple-converted-space\"><br \/><\/span>Impedancia: 4 Ohm<\/span><br \/><span style=\"font-size: 12pt; color: #999999;\">\u00c9rz\u00e9kenys\u00e9ge: 88 dB<span class=\"Apple-converted-space\"><br \/><\/span>Terhelhet\u0151s\u00e9ge: 50 W<\/span><br \/><span style=\"font-size: 12pt; color: #999999;\">Frekvencia \u00e1tvitel: 31 Hz &#8211; 20 kHz<\/span><br \/><span style=\"font-size: 12pt; color: #999999;\">M\u00e9rete: 460 x 370 x 1260 mm<\/span><\/p>\n\n\n<figure class=\"wp-block-gallery has-nested-images columns-default is-cropped wp-block-gallery-1 is-layout-flex wp-block-gallery-is-layout-flex\">\n<figure class=\"wp-block-image size-large\"><img loading=\"lazy\" decoding=\"async\" width=\"1707\" height=\"2560\" data-id=\"3387\" src=\"https:\/\/www.human-audio.hu\/wp-content\/uploads\/2025\/05\/scene_bamboo_3-scaled.jpg\" alt=\"\" class=\"wp-image-3387\" srcset=\"https:\/\/www.human-audio.hu\/wp-content\/uploads\/2025\/05\/scene_bamboo_3-scaled.jpg 1707w, https:\/\/www.human-audio.hu\/wp-content\/uploads\/2025\/05\/scene_bamboo_3-667x1000.jpg 667w, https:\/\/www.human-audio.hu\/wp-content\/uploads\/2025\/05\/scene_bamboo_3-768x1152.jpg 768w, https:\/\/www.human-audio.hu\/wp-content\/uploads\/2025\/05\/scene_bamboo_3-1024x1536.jpg 1024w, https:\/\/www.human-audio.hu\/wp-content\/uploads\/2025\/05\/scene_bamboo_3-1365x2048.jpg 1365w\" sizes=\"auto, (max-width: 1707px) 100vw, 1707px\" \/><\/figure>\n\n\n\n<figure class=\"wp-block-image size-large\"><img loading=\"lazy\" decoding=\"async\" width=\"1707\" height=\"2560\" data-id=\"3386\" src=\"https:\/\/www.human-audio.hu\/wp-content\/uploads\/2025\/05\/scene_bamboo_2-scaled.jpg\" alt=\"\" class=\"wp-image-3386\" srcset=\"https:\/\/www.human-audio.hu\/wp-content\/uploads\/2025\/05\/scene_bamboo_2-scaled.jpg 1707w, https:\/\/www.human-audio.hu\/wp-content\/uploads\/2025\/05\/scene_bamboo_2-667x1000.jpg 667w, https:\/\/www.human-audio.hu\/wp-content\/uploads\/2025\/05\/scene_bamboo_2-768x1152.jpg 768w, https:\/\/www.human-audio.hu\/wp-content\/uploads\/2025\/05\/scene_bamboo_2-1024x1536.jpg 1024w, https:\/\/www.human-audio.hu\/wp-content\/uploads\/2025\/05\/scene_bamboo_2-1365x2048.jpg 1365w\" sizes=\"auto, (max-width: 1707px) 100vw, 1707px\" \/><\/figure>\n\n\n\n<figure class=\"wp-block-image size-large\"><img loading=\"lazy\" decoding=\"async\" width=\"1707\" height=\"2560\" data-id=\"3385\" src=\"https:\/\/www.human-audio.hu\/wp-content\/uploads\/2025\/05\/scene_bamboo_1-scaled.jpg\" alt=\"\" class=\"wp-image-3385\" srcset=\"https:\/\/www.human-audio.hu\/wp-content\/uploads\/2025\/05\/scene_bamboo_1-scaled.jpg 1707w, https:\/\/www.human-audio.hu\/wp-content\/uploads\/2025\/05\/scene_bamboo_1-667x1000.jpg 667w, https:\/\/www.human-audio.hu\/wp-content\/uploads\/2025\/05\/scene_bamboo_1-768x1152.jpg 768w, https:\/\/www.human-audio.hu\/wp-content\/uploads\/2025\/05\/scene_bamboo_1-1024x1536.jpg 1024w, https:\/\/www.human-audio.hu\/wp-content\/uploads\/2025\/05\/scene_bamboo_1-1365x2048.jpg 1365w\" sizes=\"auto, (max-width: 1707px) 100vw, 1707px\" \/><\/figure>\n\n\n\n<figure class=\"wp-block-image size-large\"><img loading=\"lazy\" decoding=\"async\" width=\"1333\" height=\"2000\" data-id=\"3389\" src=\"https:\/\/www.human-audio.hu\/wp-content\/uploads\/2025\/05\/scene_black_1.jpg\" alt=\"\" class=\"wp-image-3389\" srcset=\"https:\/\/www.human-audio.hu\/wp-content\/uploads\/2025\/05\/scene_black_1.jpg 1333w, https:\/\/www.human-audio.hu\/wp-content\/uploads\/2025\/05\/scene_black_1-667x1000.jpg 667w, https:\/\/www.human-audio.hu\/wp-content\/uploads\/2025\/05\/scene_black_1-768x1152.jpg 768w, https:\/\/www.human-audio.hu\/wp-content\/uploads\/2025\/05\/scene_black_1-1024x1536.jpg 1024w\" sizes=\"auto, (max-width: 1333px) 100vw, 1333px\" \/><\/figure>\n<\/figure>\n","protected":false},"excerpt":{"rendered":"<p>Scene(Hangsug\u00e1rz\u00f3) Egy igazi \u201ehangfal\u201d. T\u00f6bb\u00fcnk elgondolkodott ak\u00e1r m\u00e1r gyermekkor\u00e1ban ezen az \u00e9rdekes kifejez\u00e9sen \u00e9s nem \u00e9rtett\u00fcnk mit\u0151l is fal a fal. Mik\u00f6zben egyre kompaktabb, univerz\u00e1lisabb hangdobozokat fejlesztettek, gy\u00e1rtottak \u00e9s term\u00e9szetesen hallgattak az emberek az elm\u00falt \u00e9vtizedekben, el is felejtett\u00e9k \/ felejtett\u00fck azt az \u00e9rz\u00e9st, azt az atmoszf\u00e9r\u00e1t melyet csakis egy \u201enyitott doboz\u201d, egy igazi \u201efal\u201d&hellip;<\/p>\n<p class=\"more-link\"><a href=\"https:\/\/www.human-audio.hu\/scene_hu\/\" class=\"themebutton2\">Read More<\/a><\/p>\n","protected":false},"author":1,"featured_media":0,"parent":0,"menu_order":0,"comment_status":"closed","ping_status":"closed","template":"","meta":{"iawp_total_views":92,"footnotes":""},"categories":[],"tags":[],"class_list":["post-3390","page","type-page","status-publish","hentry"],"_links":{"self":[{"href":"https:\/\/www.human-audio.hu\/wp-json\/wp\/v2\/pages\/3390","targetHints":{"allow":["GET"]}}],"collection":[{"href":"https:\/\/www.human-audio.hu\/wp-json\/wp\/v2\/pages"}],"about":[{"href":"https:\/\/www.human-audio.hu\/wp-json\/wp\/v2\/types\/page"}],"author":[{"embeddable":true,"href":"https:\/\/www.human-audio.hu\/wp-json\/wp\/v2\/users\/1"}],"replies":[{"embeddable":true,"href":"https:\/\/www.human-audio.hu\/wp-json\/wp\/v2\/comments?post=3390"}],"version-history":[{"count":24,"href":"https:\/\/www.human-audio.hu\/wp-json\/wp\/v2\/pages\/3390\/revisions"}],"predecessor-version":[{"id":5212,"href":"https:\/\/www.human-audio.hu\/wp-json\/wp\/v2\/pages\/3390\/revisions\/5212"}],"wp:attachment":[{"href":"https:\/\/www.human-audio.hu\/wp-json\/wp\/v2\/media?parent=3390"}],"wp:term":[{"taxonomy":"category","embeddable":true,"href":"https:\/\/www.human-audio.hu\/wp-json\/wp\/v2\/categories?post=3390"},{"taxonomy":"post_tag","embeddable":true,"href":"https:\/\/www.human-audio.hu\/wp-json\/wp\/v2\/tags?post=3390"}],"curies":[{"name":"wp","href":"https:\/\/api.w.org\/{rel}","templated":true}]}}