{"id":2840,"date":"2025-03-21T07:18:47","date_gmt":"2025-03-21T06:18:47","guid":{"rendered":"https:\/\/www.human-audio.hu\/?page_id=2840"},"modified":"2026-02-21T20:45:33","modified_gmt":"2026-02-21T19:45:33","slug":"fidelio_hu","status":"publish","type":"page","link":"https:\/\/www.human-audio.hu\/fidelio_hu\/","title":{"rendered":"fidelio_hu"},"content":{"rendered":"<p style=\"text-align: center;\"><span style=\"font-size: 12pt; color: #999999;\"><strong><span style=\"font-size: 14pt;\">FIDELIO<\/span><br \/>\n(Akt\u00edv hangsug\u00e1rz\u00f3)<\/strong><\/span><\/p>\n<p><span style=\"font-size: 12pt; color: #999999;\"><strong>FIDELIO<\/strong> mag\u00e1ban hordozza a <a style=\"color: #999999;\" href=\"https:\/\/www.human-audio.hu\/?page_id=2440\"><strong>Fermata<\/strong><\/a> er\u0151s\u00edt\u0151re jellemz\u0151 rendk\u00edv\u00fcl gyors, cizell\u00e1lt, neutr\u00e1lis megsz\u00f3lal\u00e1st.<\/span><br \/>\n<span style=\"font-size: 12pt; color: #999999;\">M\u00e9ret\u00e9t meghazudtol\u00f3 hangj\u00e1t \u00e9s energi\u00e1j\u00e1t ennek az er\u0151s\u00edt\u0151nek illetve a t\u00f6m\u00f6r, fekete di\u00f3 kabinetnek k\u00f6sz\u00f6nheti. A hangsug\u00e1rz\u00f3 v\u00e9gtelen\u00fcl prec\u00edz, m\u00e9gis hangszerh\u0171 \u00e9s zenei el\u0151ad\u00e1st ny\u00fajt.<\/span><\/p>\n<p><span style=\"font-size: 12pt; color: #999999;\"><b>Tulajdons\u00e1gok<\/b><b>:<\/b><\/span><\/p>\n<p style=\"padding-left: 40px;\"><span style=\"font-size: 12pt;\"><span style=\"color: #999999;\">\u00c1ll\u00f3 kivitel\u0171 2 utas akt\u00edv rendszer hangsz\u00f3r\u00f3nk\u00e9nt k\u00fcl\u00f6n v\u00e9gfokkal \u00e9s akt\u00edv keresztv\u00e1lt\u00f3 elektronik\u00e1val<br \/>\nV\u00e1lt\u00e1si frekvencia 400 Hz<br \/>\n\u00c1tviteli s\u00e1v: 25 Hz &#8211; 40 kHz (-3dB)<\/span><br \/>\n<span style=\"color: #999999;\">5&#8243;-os professzion\u00e1lis Sica m\u00e9lysug\u00e1rz\u00f3 \u00e9s 3&#8243;-os limit\u00e1lt sz\u00e9ri\u00e1s Fostex<\/span><br \/>\n<span style=\"color: #999999;\">A hangsug\u00e1rz\u00f3k szimmetrikus jelet fogadnak, a t\u00e1pell\u00e1t\u00e1sr\u00f3l 24 Voltos k\u00fcls\u0151 t\u00e1pegys\u00e9g gondoskodik<\/span><br \/>\n<span style=\"color: #999999;\">Bels\u0151 k\u00e1belez\u00e9s\u00e9hez magas \u00e9rsz\u00e1m\u00fa Litze k\u00e1beleket alkalmaztunk<\/span><br \/>\n<span style=\"color: #999999;\">A teljes kabinet exkluz\u00edv t\u00f6m\u00f6r fekete di\u00f3f\u00e1b\u00f3l \u00e9p\u00fclt<\/span><br \/>\n<\/span><\/p>\n<p><span style=\"font-size: 12pt;\"><img loading=\"lazy\" decoding=\"async\" class=\"wp-image-1874 aligncenter\" src=\"https:\/\/www.human-audio.hu\/wp-content\/uploads\/2025\/01\/fidelio_4-666x1000.jpg\" alt=\"\" width=\"650\" height=\"976\" srcset=\"https:\/\/www.human-audio.hu\/wp-content\/uploads\/2025\/01\/fidelio_4-666x1000.jpg 666w, https:\/\/www.human-audio.hu\/wp-content\/uploads\/2025\/01\/fidelio_4-768x1152.jpg 768w, https:\/\/www.human-audio.hu\/wp-content\/uploads\/2025\/01\/fidelio_4-600x900.jpg 600w, https:\/\/www.human-audio.hu\/wp-content\/uploads\/2025\/01\/fidelio_4.jpg 853w\" sizes=\"auto, (max-width: 650px) 100vw, 650px\" \/><\/span><\/p>\n","protected":false},"excerpt":{"rendered":"<p>FIDELIO (Akt\u00edv hangsug\u00e1rz\u00f3) FIDELIO mag\u00e1ban hordozza a Fermata er\u0151s\u00edt\u0151re jellemz\u0151 rendk\u00edv\u00fcl gyors, cizell\u00e1lt, neutr\u00e1lis megsz\u00f3lal\u00e1st. M\u00e9ret\u00e9t meghazudtol\u00f3 hangj\u00e1t \u00e9s energi\u00e1j\u00e1t ennek az er\u0151s\u00edt\u0151nek illetve a t\u00f6m\u00f6r, fekete di\u00f3 kabinetnek k\u00f6sz\u00f6nheti. A hangsug\u00e1rz\u00f3 v\u00e9gtelen\u00fcl prec\u00edz, m\u00e9gis hangszerh\u0171 \u00e9s zenei el\u0151ad\u00e1st ny\u00fajt. Tulajdons\u00e1gok: \u00c1ll\u00f3 kivitel\u0171 2 utas akt\u00edv rendszer hangsz\u00f3r\u00f3nk\u00e9nt k\u00fcl\u00f6n v\u00e9gfokkal \u00e9s akt\u00edv keresztv\u00e1lt\u00f3 elektronik\u00e1val V\u00e1lt\u00e1si&hellip;<\/p>\n<p class=\"more-link\"><a href=\"https:\/\/www.human-audio.hu\/fidelio_hu\/\" class=\"themebutton2\">Read More<\/a><\/p>\n","protected":false},"author":1,"featured_media":0,"parent":0,"menu_order":0,"comment_status":"closed","ping_status":"closed","template":"","meta":{"iawp_total_views":80,"footnotes":""},"categories":[],"tags":[],"class_list":["post-2840","page","type-page","status-publish","hentry"],"_links":{"self":[{"href":"https:\/\/www.human-audio.hu\/wp-json\/wp\/v2\/pages\/2840","targetHints":{"allow":["GET"]}}],"collection":[{"href":"https:\/\/www.human-audio.hu\/wp-json\/wp\/v2\/pages"}],"about":[{"href":"https:\/\/www.human-audio.hu\/wp-json\/wp\/v2\/types\/page"}],"author":[{"embeddable":true,"href":"https:\/\/www.human-audio.hu\/wp-json\/wp\/v2\/users\/1"}],"replies":[{"embeddable":true,"href":"https:\/\/www.human-audio.hu\/wp-json\/wp\/v2\/comments?post=2840"}],"version-history":[{"count":12,"href":"https:\/\/www.human-audio.hu\/wp-json\/wp\/v2\/pages\/2840\/revisions"}],"predecessor-version":[{"id":5195,"href":"https:\/\/www.human-audio.hu\/wp-json\/wp\/v2\/pages\/2840\/revisions\/5195"}],"wp:attachment":[{"href":"https:\/\/www.human-audio.hu\/wp-json\/wp\/v2\/media?parent=2840"}],"wp:term":[{"taxonomy":"category","embeddable":true,"href":"https:\/\/www.human-audio.hu\/wp-json\/wp\/v2\/categories?post=2840"},{"taxonomy":"post_tag","embeddable":true,"href":"https:\/\/www.human-audio.hu\/wp-json\/wp\/v2\/tags?post=2840"}],"curies":[{"name":"wp","href":"https:\/\/api.w.org\/{rel}","templated":true}]}}