{"id":2496,"date":"2025-03-19T13:03:15","date_gmt":"2025-03-19T12:03:15","guid":{"rendered":"https:\/\/www.human-audio.hu\/?page_id=2496"},"modified":"2026-02-21T20:52:14","modified_gmt":"2026-02-21T19:52:14","slug":"riakit_hu","status":"publish","type":"page","link":"https:\/\/www.human-audio.hu\/riakit_hu\/","title":{"rendered":"riakit_hu"},"content":{"rendered":"<p style=\"text-align: center;\"><span style=\"font-size: 12pt; color: #999999;\"><b><span style=\"font-size: 14pt;\">RIA KIT<\/span><br \/>\n(MM lemezj\u00e1tsz\u00f3 korrektor)<\/b><\/span><\/p>\n<p><span style=\"font-size: 12pt; color: #999999;\">A 2016-os ki\u00e1ll\u00edt\u00e1son mutattunk be egy phono protot\u00edpust, de akkor nem lett bel\u0151le term\u00e9k. Az\u00f3ta t\u00f6bbsz\u00f6r m\u00f3dos\u00edtottunk rajta, volt egy n\u00e9h\u00e1ny darabos limit\u00e1lt sz\u00e9ria, v\u00e9g\u00fcl visszat\u00e9rt\u00fcnk az eredeti elk\u00e9pzel\u00e9shez.<\/span><\/p>\n<p><span style=\"font-size: 12pt; color: #999999;\">Megsz\u00fcletett a <a style=\"color: #999999;\" href=\"https:\/\/www.human-audio.hu\/?page_id=2346\"><b>DRA KIT<\/b><\/a> anal\u00f3g testv\u00e9re, a phono er\u0151s\u00edt\u0151 <b>RIA KIT<\/b>.<\/span><\/p>\n<p><span style=\"font-size: 12pt; color: #999999;\"><strong>Tulajdons\u00e1gok:<\/strong><\/span><\/p>\n<p style=\"padding-left: 40px;\"><span style=\"font-size: 12pt; color: #999999;\">Akkumul\u00e1toros t\u00e1pl\u00e1l\u00e1s, rendk\u00edv\u00fcl alacsony zaj\u00fa kialak\u00edt\u00e1s, passz\u00edv korrekci\u00f3, 42 dB er\u0151s\u00edt\u00e9s, kompakt m\u00e9ret<\/span><br \/>\n<span style=\"font-size: 12pt; color: #999999;\">MM jelszintet fogad<\/span><\/p>\n","protected":false},"excerpt":{"rendered":"<p>RIA KIT (MM lemezj\u00e1tsz\u00f3 korrektor) A 2016-os ki\u00e1ll\u00edt\u00e1son mutattunk be egy phono protot\u00edpust, de akkor nem lett bel\u0151le term\u00e9k. Az\u00f3ta t\u00f6bbsz\u00f6r m\u00f3dos\u00edtottunk rajta, volt egy n\u00e9h\u00e1ny darabos limit\u00e1lt sz\u00e9ria, v\u00e9g\u00fcl visszat\u00e9rt\u00fcnk az eredeti elk\u00e9pzel\u00e9shez. Megsz\u00fcletett a DRA KIT anal\u00f3g testv\u00e9re, a phono er\u0151s\u00edt\u0151 RIA KIT. Tulajdons\u00e1gok: Akkumul\u00e1toros t\u00e1pl\u00e1l\u00e1s, rendk\u00edv\u00fcl alacsony zaj\u00fa kialak\u00edt\u00e1s, passz\u00edv korrekci\u00f3, 42&hellip;<\/p>\n<p class=\"more-link\"><a href=\"https:\/\/www.human-audio.hu\/riakit_hu\/\" class=\"themebutton2\">Read More<\/a><\/p>\n","protected":false},"author":1,"featured_media":0,"parent":0,"menu_order":0,"comment_status":"closed","ping_status":"closed","template":"","meta":{"iawp_total_views":38,"footnotes":""},"categories":[],"tags":[],"class_list":["post-2496","page","type-page","status-publish","hentry"],"_links":{"self":[{"href":"https:\/\/www.human-audio.hu\/wp-json\/wp\/v2\/pages\/2496","targetHints":{"allow":["GET"]}}],"collection":[{"href":"https:\/\/www.human-audio.hu\/wp-json\/wp\/v2\/pages"}],"about":[{"href":"https:\/\/www.human-audio.hu\/wp-json\/wp\/v2\/types\/page"}],"author":[{"embeddable":true,"href":"https:\/\/www.human-audio.hu\/wp-json\/wp\/v2\/users\/1"}],"replies":[{"embeddable":true,"href":"https:\/\/www.human-audio.hu\/wp-json\/wp\/v2\/comments?post=2496"}],"version-history":[{"count":12,"href":"https:\/\/www.human-audio.hu\/wp-json\/wp\/v2\/pages\/2496\/revisions"}],"predecessor-version":[{"id":5206,"href":"https:\/\/www.human-audio.hu\/wp-json\/wp\/v2\/pages\/2496\/revisions\/5206"}],"wp:attachment":[{"href":"https:\/\/www.human-audio.hu\/wp-json\/wp\/v2\/media?parent=2496"}],"wp:term":[{"taxonomy":"category","embeddable":true,"href":"https:\/\/www.human-audio.hu\/wp-json\/wp\/v2\/categories?post=2496"},{"taxonomy":"post_tag","embeddable":true,"href":"https:\/\/www.human-audio.hu\/wp-json\/wp\/v2\/tags?post=2496"}],"curies":[{"name":"wp","href":"https:\/\/api.w.org\/{rel}","templated":true}]}}