{"id":2440,"date":"2025-03-19T10:33:44","date_gmt":"2025-03-19T09:33:44","guid":{"rendered":"https:\/\/www.human-audio.hu\/?page_id=2440"},"modified":"2025-11-16T18:11:56","modified_gmt":"2025-11-16T17:11:56","slug":"fermata_hu","status":"publish","type":"page","link":"https:\/\/www.human-audio.hu\/fermata_hu\/","title":{"rendered":"fermata_hu"},"content":{"rendered":"<p style=\"text-align: center;\"><span style=\"font-size: 12pt; color: #999999;\"><b><span style=\"font-size: 14pt;\">Fermata<\/span><br \/>\n(V\u00e9ger\u0151s\u00edt\u0151)<\/b><\/span><\/p>\n<p><span style=\"font-size: 12pt; color: #999999;\">C\u00e9lunk nem a maxim\u00e1lis felbont\u00e1s \u00e9s s\u00e1vsz\u00e9less\u00e9g, hanem a hangszerh\u0171s\u00e9g, a val\u00f3s felv\u00e9teli helysz\u00edn megmutat\u00e1sa, \u00e9s az esem\u00e9ny atmoszf\u00e9r\u00e1j\u00e1nak visszaad\u00e1sa volt. Hosszan hallgathat\u00f3, harmonikus rendszerbe illeszkedik minden k\u00e9sz\u00fcl\u00e9k\u00fcnk, a <b>Fermata<\/b> <strong>\/<\/strong> <a style=\"color: #999999;\" href=\"https:\/\/www.human-audio.hu\/?page_id=2450\"><b>Sileo<\/b><\/a> p\u00e1ros is. Emellett a LiFePo4 cell\u00e1knak k\u00f6sz\u00f6nhet\u0151en nagyon gyors, dinamikus hanggal b\u00edrnak. Egy kritikusunk szerint olyan, mint amilyen zen\u00e9vel t\u00e1pl\u00e1ljuk. Pont ennyit szerett\u00fcnk volna el\u00e9rni&#8230;<\/span><\/p>\n<p><span style=\"font-size: 12pt; color: #999999;\">Teljes\u00edtm\u00e9nye 70W 8 ohm \u00e9s 130W 4 ohm terhel\u00e9sn\u00e9l.<\/span><\/p>\n<p><span style=\"font-size: 12pt; color: #999999;\">Aj\u00e1nlott fogyaszt\u00f3i \u00e1ra: 5.000 Euro<\/span><\/p>\n","protected":false},"excerpt":{"rendered":"<p>Fermata (V\u00e9ger\u0151s\u00edt\u0151) C\u00e9lunk nem a maxim\u00e1lis felbont\u00e1s \u00e9s s\u00e1vsz\u00e9less\u00e9g, hanem a hangszerh\u0171s\u00e9g, a val\u00f3s felv\u00e9teli helysz\u00edn megmutat\u00e1sa, \u00e9s az esem\u00e9ny atmoszf\u00e9r\u00e1j\u00e1nak visszaad\u00e1sa volt. Hosszan hallgathat\u00f3, harmonikus rendszerbe illeszkedik minden k\u00e9sz\u00fcl\u00e9k\u00fcnk, a Fermata \/ Sileo p\u00e1ros is. Emellett a LiFePo4 cell\u00e1knak k\u00f6sz\u00f6nhet\u0151en nagyon gyors, dinamikus hanggal b\u00edrnak. Egy kritikusunk szerint olyan, mint amilyen zen\u00e9vel t\u00e1pl\u00e1ljuk. Pont&hellip;<\/p>\n<p class=\"more-link\"><a href=\"https:\/\/www.human-audio.hu\/fermata_hu\/\" class=\"themebutton2\">Read More<\/a><\/p>\n","protected":false},"author":1,"featured_media":0,"parent":0,"menu_order":0,"comment_status":"closed","ping_status":"closed","template":"","meta":{"iawp_total_views":192,"footnotes":""},"categories":[],"tags":[],"class_list":["post-2440","page","type-page","status-publish","hentry"],"_links":{"self":[{"href":"https:\/\/www.human-audio.hu\/wp-json\/wp\/v2\/pages\/2440","targetHints":{"allow":["GET"]}}],"collection":[{"href":"https:\/\/www.human-audio.hu\/wp-json\/wp\/v2\/pages"}],"about":[{"href":"https:\/\/www.human-audio.hu\/wp-json\/wp\/v2\/types\/page"}],"author":[{"embeddable":true,"href":"https:\/\/www.human-audio.hu\/wp-json\/wp\/v2\/users\/1"}],"replies":[{"embeddable":true,"href":"https:\/\/www.human-audio.hu\/wp-json\/wp\/v2\/comments?post=2440"}],"version-history":[{"count":7,"href":"https:\/\/www.human-audio.hu\/wp-json\/wp\/v2\/pages\/2440\/revisions"}],"predecessor-version":[{"id":4970,"href":"https:\/\/www.human-audio.hu\/wp-json\/wp\/v2\/pages\/2440\/revisions\/4970"}],"wp:attachment":[{"href":"https:\/\/www.human-audio.hu\/wp-json\/wp\/v2\/media?parent=2440"}],"wp:term":[{"taxonomy":"category","embeddable":true,"href":"https:\/\/www.human-audio.hu\/wp-json\/wp\/v2\/categories?post=2440"},{"taxonomy":"post_tag","embeddable":true,"href":"https:\/\/www.human-audio.hu\/wp-json\/wp\/v2\/tags?post=2440"}],"curies":[{"name":"wp","href":"https:\/\/api.w.org\/{rel}","templated":true}]}}