{"id":2431,"date":"2025-03-19T12:53:48","date_gmt":"2025-03-19T11:53:48","guid":{"rendered":"https:\/\/www.human-audio.hu\/?page_id=2431"},"modified":"2025-11-16T18:26:03","modified_gmt":"2025-11-16T17:26:03","slug":"libretto2_hu","status":"publish","type":"page","link":"https:\/\/www.human-audio.hu\/libretto2_hu\/","title":{"rendered":"libretto2_hu"},"content":{"rendered":"<p style=\"text-align: center;\"><span style=\"font-size: 12pt; color: #999999;\"><b><span style=\"font-size: 14pt;\">Libretto II.<\/span><br \/>\n(CD lej\u00e1tsz\u00f3)<\/b><\/span><\/p>\n<p><span style=\"font-size: 12pt; color: #999999;\">Az eredeti <a style=\"color: #999999;\" href=\"https:\/\/www.human-audio.hu\/?page_id=2421\"><b>Libretto<\/b><\/a> megsz\u00fclet\u00e9se \u00f3ta eltelt tizen\u00f6t \u00e9v tapasztalata, valamint a zenei m\u00e9di\u00e1ban zajl\u00f3 folyamatos form\u00e1tumh\u00e1bor\u00fak (DSD, DXD, MQA \u00e9s egy\u00e9b divatos kifejez\u00e9sek) arra \u00f6szt\u00f6n\u00f6ztek minket, hogy folytassuk:<\/span><\/p>\n<p style=\"text-align: center;\"><span style=\"font-size: 12pt; color: #999999;\"><b>Libtretto II.<\/b><\/span><\/p>\n<p><span style=\"font-size: 12pt; color: #999999;\">Alappill\u00e9re a massz\u00edv fa v\u00e1z szerkezet, amelynek rezg\u00e9sei k\u00f6zelebb \u00e1llnak a zene term\u00e9szetes megsz\u00f3lal\u00e1s\u00e1hoz, mint egy f\u00e9m dobozos megold\u00e1s.<\/span><br \/>\n<span style=\"font-size: 12pt; color: #999999;\">A fut\u00f3m\u0171 felf\u00fcggeszt\u00e9se mahag\u00f3ni rezon\u00e1tor seg\u00edts\u00e9g\u00e9vel a hangszerek hangol\u00e1s\u00e1hoz hasonlatosan t\u00f6rt\u00e9nik. A ma \u00e1ltal\u00e1nosan haszn\u00e1lt \u00e9s megszokott DVD mechanik\u00e1val szemben az unikumnak sz\u00e1m\u00edt\u00f3 Philips CD Pro2 ipari v\u00e1ltozat\u00e1t haszn\u00e1ljuk.<\/span><br \/>\n<span style=\"font-size: 12pt; color: #999999;\">T\u00e1pell\u00e1t\u00e1sa is k\u00fcl\u00f6nleges, hiszen a legfejlettebb akkumul\u00e1tor technik\u00e1t haszn\u00e1ljuk, az egyes \u00e1ramk\u00f6r\u00f6k szepar\u00e1lt cell\u00e1kr\u00f3l m\u0171k\u00f6dnek.<\/span><br \/>\n<span style=\"font-size: 12pt; color: #999999;\">Be\u00e9p\u00edtett digital-anal\u00f3g konvertere val\u00f3di multibites R2R strukt\u00far\u00e1j\u00fa, k\u00fcls\u0151 digit\u00e1lis jelet is k\u00e9pes fogadni 24 bit\/192 kHz-ig (176,4 kHz-et nem).<\/span><br \/>\n<span style=\"font-size: 12pt; color: #999999;\">A lej\u00e1tsz\u00f3 megsz\u00fclet\u00e9s\u00e9nek \u00e9s elk\u00e9sz\u00fclt\u00e9nek a f\u0151 c\u00e9lja az volt, hogy az instrument\u00e1lis zene, illetve az emberi \u00e9nekhang a lehet\u0151 legterm\u00e9szetesebben sz\u00f3laljon meg, hasonl\u00f3 \u00e9lm\u00e9nyt ny\u00fajtva az \u00e9l\u0151 el\u0151ad\u00e1s hangz\u00e1s\u00e1hoz, visszaadva annak \u00e9rzelmi \u00e9s hangulati t\u00f6ltet\u00e9t.<\/span><\/p>\n<p><span style=\"font-size: 12pt; color: #999999;\">A <strong>Libretto II.<\/strong> 2022-ben a m\u00fcncheni High-End Show-n is meghallgathat\u00f3 volt.<\/span><\/p>\n<p><span style=\"font-size: 12pt; color: #999999;\">Aj\u00e1nlott fogyaszt\u00f3i \u00e1r: 14.000 Euro<\/span><\/p>\n<div style=\"width: 1170px;\" class=\"wp-video\"><video class=\"wp-video-shortcode\" id=\"video-2431-1\" width=\"1170\" height=\"658\" poster=\"https:\/\/www.human-audio.hu\/wp-content\/uploads\/2025\/08\/munich_2022-mp4-image.jpg\" preload=\"metadata\" controls=\"controls\"><source type=\"video\/mp4\" src=\"https:\/\/www.human-audio.hu\/wp-content\/uploads\/2025\/08\/munich_2022.mp4?_=1\" \/><a href=\"https:\/\/www.human-audio.hu\/wp-content\/uploads\/2025\/08\/munich_2022.mp4\">https:\/\/www.human-audio.hu\/wp-content\/uploads\/2025\/08\/munich_2022.mp4<\/a><\/video><\/div>\n","protected":false},"excerpt":{"rendered":"<p>Libretto II. (CD lej\u00e1tsz\u00f3) Az eredeti Libretto megsz\u00fclet\u00e9se \u00f3ta eltelt tizen\u00f6t \u00e9v tapasztalata, valamint a zenei m\u00e9di\u00e1ban zajl\u00f3 folyamatos form\u00e1tumh\u00e1bor\u00fak (DSD, DXD, MQA \u00e9s egy\u00e9b divatos kifejez\u00e9sek) arra \u00f6szt\u00f6n\u00f6ztek minket, hogy folytassuk: Libtretto II. Alappill\u00e9re a massz\u00edv fa v\u00e1z szerkezet, amelynek rezg\u00e9sei k\u00f6zelebb \u00e1llnak a zene term\u00e9szetes megsz\u00f3lal\u00e1s\u00e1hoz, mint egy f\u00e9m dobozos megold\u00e1s. A fut\u00f3m\u0171&hellip;<\/p>\n<p class=\"more-link\"><a href=\"https:\/\/www.human-audio.hu\/libretto2_hu\/\" class=\"themebutton2\">Read More<\/a><\/p>\n","protected":false},"author":1,"featured_media":0,"parent":0,"menu_order":0,"comment_status":"closed","ping_status":"closed","template":"","meta":{"iawp_total_views":277,"footnotes":""},"categories":[],"tags":[],"class_list":["post-2431","page","type-page","status-publish","hentry"],"_links":{"self":[{"href":"https:\/\/www.human-audio.hu\/wp-json\/wp\/v2\/pages\/2431","targetHints":{"allow":["GET"]}}],"collection":[{"href":"https:\/\/www.human-audio.hu\/wp-json\/wp\/v2\/pages"}],"about":[{"href":"https:\/\/www.human-audio.hu\/wp-json\/wp\/v2\/types\/page"}],"author":[{"embeddable":true,"href":"https:\/\/www.human-audio.hu\/wp-json\/wp\/v2\/users\/1"}],"replies":[{"embeddable":true,"href":"https:\/\/www.human-audio.hu\/wp-json\/wp\/v2\/comments?post=2431"}],"version-history":[{"count":11,"href":"https:\/\/www.human-audio.hu\/wp-json\/wp\/v2\/pages\/2431\/revisions"}],"predecessor-version":[{"id":4982,"href":"https:\/\/www.human-audio.hu\/wp-json\/wp\/v2\/pages\/2431\/revisions\/4982"}],"wp:attachment":[{"href":"https:\/\/www.human-audio.hu\/wp-json\/wp\/v2\/media?parent=2431"}],"wp:term":[{"taxonomy":"category","embeddable":true,"href":"https:\/\/www.human-audio.hu\/wp-json\/wp\/v2\/categories?post=2431"},{"taxonomy":"post_tag","embeddable":true,"href":"https:\/\/www.human-audio.hu\/wp-json\/wp\/v2\/tags?post=2431"}],"curies":[{"name":"wp","href":"https:\/\/api.w.org\/{rel}","templated":true}]}}