{"id":2380,"date":"2025-03-18T19:58:31","date_gmt":"2025-03-18T18:58:31","guid":{"rendered":"https:\/\/www.human-audio.hu\/?page_id=2380"},"modified":"2025-11-16T18:49:20","modified_gmt":"2025-11-16T17:49:20","slug":"tabla_hu","status":"publish","type":"page","link":"https:\/\/www.human-audio.hu\/tabla_hu\/","title":{"rendered":"tabla_hu"},"content":{"rendered":"<p style=\"text-align: center;\"><span style=\"font-size: 12pt; color: #999999;\"><b><span style=\"font-size: 14pt;\">Tabla \/ Tabla Pico<\/span><br \/>\n(USB <\/b>\u2192 <b>S\/PDIF interf\u00e9sz)<\/b><\/span><\/p>\n<p><span style=\"font-size: 12pt; color: #999999;\"><b>Tabla &#8211;<\/b> seg\u00edts\u00e9g\u00e9vel megl\u00e9v\u0151 magas szint\u0171 rendszer\u00fcnk DAC-ja \u00e9s a PC \u00f6sszek\u00f6ttet\u00e9se lehets\u00e9ges, megval\u00f3s\u00edtva ez\u00faton ak\u00e1r a nagyfelbont\u00e1s\u00fa (24 bit\/192 kHz) felv\u00e9telek <strong>&#8222;BITPONTOS&#8221;<\/strong> lej\u00e1tsz\u00e1s\u00e1t is. USB 2.0 csatlakoz\u00f3val kapcsol\u00f3dik a sz\u00e1m\u00edt\u00f3g\u00e9phez, koaxi\u00e1lis digit\u00e1lis (BNC) kimenettel a DAC fel\u00e9. (Windows, Mac OS X \u00e9s Linux t\u00e1mogat\u00e1ssal)<\/span><\/p>\n<p><span style=\"font-size: 12pt; color: #999999;\">H\u0171en a <strong>Human Audio<\/strong> filoz\u00f3fi\u00e1j\u00e1hoz, ezen k\u00e9sz\u00fcl\u00e9k\u00fcnk is tiszt\u00e1n bels\u0151 akkumul\u00e1toros meghajt\u00e1s\u00fa. K\u00e9t be\u00e9p\u00edtett cs\u00facsmin\u0151s\u00e9g\u0171 l\u00edtium-ferrofoszf\u00e1t (LiFePO4) akkuval rendelkezik, t\u00f6lt\u00e9s\u00fcket USB-n kereszt\u00fcl automatiz\u00e1ltan kapj\u00e1k, mely a k\u00e9sz\u00fcl\u00e9k \u00fcresj\u00e1r\u00e1si (\u00e9pp nem lej\u00e1tsz\u00e1sban l\u00e9v\u0151) vagy kikapcsolt \u00e1llapot\u00e1ban t\u00f6rt\u00e9nik. K\u00fcl\u00f6n gondoskod\u00e1st, odafigyel\u00e9st nem ig\u00e9nyelnek, \u00edgy a PC zavarait\u00f3l teljesen f\u00fcggetlen a t\u00e1pl\u00e1l\u00e1sa. Digit\u00e1lis \u00e1ramk\u00f6rei ultra alacsony jitter\u0171ek, kimenete teljesen izol\u00e1lt. Ezen technikai megold\u00e1saival megadja a lehet\u0151s\u00e9get a m\u00e1r megszokott zenehallgat\u00e1si szint el\u00e9r\u00e9s\u00e9re\/meghalad\u00e1s\u00e1ra imm\u00e1r PC-r\u0151l is.<\/span><\/p>\n<p><span style=\"font-size: 12pt; color: #999999;\"><b>Tabla Pico<\/b> <strong>&#8211;<\/strong> szer\u00e9nyebb \u00e1r\u00e1val szeretne kedveskedni a zeneszeret\u0151knek \u00fagy, hogy filoz\u00f3fi\u00e1ban, hangban szinte ugyanazt a min\u0151s\u00e9get kaphassa, mint a nagy testv\u00e9r Tabla eset\u00e9ben. Ezen k\u00e9sz\u00fcl\u00e9k param\u00e9terei alapvet\u0151en megegyeznek a <strong>Tabla<\/strong>-val, a k\u00fcl\u00f6nbs\u00e9g az, hogy a <strong>Pico<\/strong> csup\u00e1n egyetlen bels\u0151 akkumul\u00e1tort tartalmaz.<\/span><\/p>\n<p><span style=\"font-size: 12pt; color: #999999;\"><b>Tesztek:<\/b><\/span><\/p>\n<p style=\"padding-left: 40px;\"><span style=\"font-size: 12pt; color: #999999;\"><a style=\"color: #999999;\" href=\"https:\/\/www.positive-feedback.com\/Issue64\/human_audio.htm\" target=\"_blank\" rel=\"noopener\"><strong>Positive-Feedback<\/strong> (Angol)<\/a><\/span><br \/>\n<span style=\"font-size: 12pt; color: #999999;\"><a style=\"color: #999999;\" href=\"https:\/\/6moons.com\/audioreviews\/humanaudio2\/1.html\" target=\"_blank\" rel=\"noopener\"><strong>6moons<\/strong> (Angol)<\/a><\/span><br \/>\n<span style=\"font-size: 12pt; color: #999999;\"><a style=\"color: #999999;\" href=\"https:\/\/highfidelity.pl\/@main-327&amp;lang=en\" target=\"_blank\" rel=\"noopener\"><strong>High Fidelity<\/strong> (Angol)<\/a><br \/>\n<\/span><span style=\"font-size: 12pt; color: #999999;\"><a style=\"color: #999999;\" href=\"https:\/\/www.tnt-audio.com\/sorgenti\/human_muto_tabla_e.html\" target=\"_blank\" rel=\"noopener\"><strong>TNT-Audio<\/strong> (Angol)<\/a><\/span><br \/>\n<span style=\"font-size: 12pt; color: #999999;\"><a style=\"color: #999999;\" href=\"https:\/\/www.tnt-audio.com\/sorgenti\/human_muto_tabla.html\" target=\"_blank\" rel=\"noopener\"><strong>TNT-Audio<\/strong> (Olasz)<\/a><\/span><\/p>\n<p><span style=\"font-size: 12pt; color: #999999;\"><b><\/b><b>Haszn\u00e1lati utas\u00edt\u00e1s let\u00f6lt\u00e9s:<\/b><\/span><\/p>\n<p style=\"padding-left: 40px;\"><span style=\"font-size: 12pt; color: #999999;\"><a style=\"color: #999999;\" href=\"https:\/\/www.human-audio.hu\/wp-content\/uploads\/2025\/01\/Tabla_manual_en.pdf\" target=\"_blank\" rel=\"noopener\"><strong>Haszn\u00e1lati utas\u00edt\u00e1s<\/strong> (Angol)<\/a><\/span><\/p>\n<p><span style=\"font-size: 12pt; color: #999999;\"><b>Driver let\u00f6lt\u00e9s:<\/b><\/span><\/p>\n<p style=\"padding-left: 40px;\"><span style=\"font-size: 12pt; color: #999999;\"><a style=\"color: #999999;\" href=\"https:\/\/www.human-audio.hu\/wp-content\/uploads\/2025\/01\/tabla_win-xp.zip\" target=\"_blank\" rel=\"noopener\"><strong>Windows XP<\/strong> (32 &amp; 64 bit)<\/a><br \/>\n<a style=\"color: #999999;\" href=\"https:\/\/www.human-audio.hu\/wp-content\/uploads\/2025\/01\/tabla_win-7_win-vista.zip\" target=\"_blank\" rel=\"noopener\"><strong>Windows 7 &amp; Vista<\/strong> (32 &amp; 64 bit)<\/a><br \/>\n<a style=\"color: #999999;\" href=\"https:\/\/www.human-audio.hu\/wp-content\/uploads\/2025\/01\/tabla_macos.dmg_.zip\" target=\"_blank\" rel=\"noopener\"><strong>Mac OS X<\/strong><\/a><br \/>\n<strong><a style=\"color: #999999;\" href=\"https:\/\/github.com\/panicking\/snd-usb-asyncaudio\/wiki\" target=\"_blank\" rel=\"noopener\">Linux<\/a><\/strong><\/span><\/p>\n","protected":false},"excerpt":{"rendered":"<p>Tabla \/ Tabla Pico (USB \u2192 S\/PDIF interf\u00e9sz) Tabla &#8211; seg\u00edts\u00e9g\u00e9vel megl\u00e9v\u0151 magas szint\u0171 rendszer\u00fcnk DAC-ja \u00e9s a PC \u00f6sszek\u00f6ttet\u00e9se lehets\u00e9ges, megval\u00f3s\u00edtva ez\u00faton ak\u00e1r a nagyfelbont\u00e1s\u00fa (24 bit\/192 kHz) felv\u00e9telek &#8222;BITPONTOS&#8221; lej\u00e1tsz\u00e1s\u00e1t is. USB 2.0 csatlakoz\u00f3val kapcsol\u00f3dik a sz\u00e1m\u00edt\u00f3g\u00e9phez, koaxi\u00e1lis digit\u00e1lis (BNC) kimenettel a DAC fel\u00e9. (Windows, Mac OS X \u00e9s Linux t\u00e1mogat\u00e1ssal) H\u0171en a&hellip;<\/p>\n<p class=\"more-link\"><a href=\"https:\/\/www.human-audio.hu\/tabla_hu\/\" class=\"themebutton2\">Read More<\/a><\/p>\n","protected":false},"author":1,"featured_media":0,"parent":0,"menu_order":0,"comment_status":"closed","ping_status":"closed","template":"","meta":{"iawp_total_views":78,"footnotes":""},"categories":[],"tags":[],"class_list":["post-2380","page","type-page","status-publish","hentry"],"_links":{"self":[{"href":"https:\/\/www.human-audio.hu\/wp-json\/wp\/v2\/pages\/2380","targetHints":{"allow":["GET"]}}],"collection":[{"href":"https:\/\/www.human-audio.hu\/wp-json\/wp\/v2\/pages"}],"about":[{"href":"https:\/\/www.human-audio.hu\/wp-json\/wp\/v2\/types\/page"}],"author":[{"embeddable":true,"href":"https:\/\/www.human-audio.hu\/wp-json\/wp\/v2\/users\/1"}],"replies":[{"embeddable":true,"href":"https:\/\/www.human-audio.hu\/wp-json\/wp\/v2\/comments?post=2380"}],"version-history":[{"count":18,"href":"https:\/\/www.human-audio.hu\/wp-json\/wp\/v2\/pages\/2380\/revisions"}],"predecessor-version":[{"id":5010,"href":"https:\/\/www.human-audio.hu\/wp-json\/wp\/v2\/pages\/2380\/revisions\/5010"}],"wp:attachment":[{"href":"https:\/\/www.human-audio.hu\/wp-json\/wp\/v2\/media?parent=2380"}],"wp:term":[{"taxonomy":"category","embeddable":true,"href":"https:\/\/www.human-audio.hu\/wp-json\/wp\/v2\/categories?post=2380"},{"taxonomy":"post_tag","embeddable":true,"href":"https:\/\/www.human-audio.hu\/wp-json\/wp\/v2\/tags?post=2380"}],"curies":[{"name":"wp","href":"https:\/\/api.w.org\/{rel}","templated":true}]}}