{"id":2317,"date":"2025-03-17T13:21:16","date_gmt":"2025-03-17T12:21:16","guid":{"rendered":"https:\/\/www.human-audio.hu\/?page_id=2317"},"modified":"2025-10-09T11:58:33","modified_gmt":"2025-10-09T10:58:33","slug":"products_arc_hu","status":"publish","type":"page","link":"https:\/\/www.human-audio.hu\/products_arc_hu\/","title":{"rendered":"products_arc_hu"},"content":{"rendered":"<p style=\"text-align: center;\"><span style=\"color: #999999; font-size: 14pt;\"><strong>KIFUTOTT TERM\u00c9KEK<\/strong><\/span><\/p>\n<p style=\"text-align: center;\"><span style=\"color: #999999; font-size: 12pt;\"><a style=\"color: #999999;\" href=\"https:\/\/www.human-audio.hu\/?page_id=2673\"><strong>ANAL\u00d3G<\/strong><\/a><\/span><\/p>\n<p style=\"text-align: center;\"><span style=\"color: #999999; font-size: 12pt;\"><a style=\"color: #999999;\" href=\"https:\/\/www.human-audio.hu\/?page_id=2682\"><strong>DIGIT\u00c1LIS<\/strong><\/a><\/span><\/p>\n<p style=\"text-align: center;\"><span style=\"color: #999999; font-size: 12pt;\"><a style=\"color: #999999;\" href=\"https:\/\/www.human-audio.hu\/?page_id=2829\"><strong>HANGSUG\u00c1RZ\u00d3K<\/strong><\/a><\/span><\/p>\n<p style=\"text-align: center;\"><span style=\"color: #999999; font-size: 14pt;\"><a style=\"color: #999999;\" href=\"https:\/\/www.human-audio.hu\/?page_id=2358\"><strong><span style=\"font-size: 12pt;\">K\u00c1BELEK<\/span><\/strong><\/a><\/span><\/p>\n","protected":false},"excerpt":{"rendered":"<p>KIFUTOTT TERM\u00c9KEK ANAL\u00d3G DIGIT\u00c1LIS HANGSUG\u00c1RZ\u00d3K K\u00c1BELEK<\/p>\n","protected":false},"author":1,"featured_media":0,"parent":0,"menu_order":0,"comment_status":"closed","ping_status":"closed","template":"","meta":{"iawp_total_views":83,"footnotes":""},"categories":[],"tags":[],"class_list":["post-2317","page","type-page","status-publish","hentry"],"_links":{"self":[{"href":"https:\/\/www.human-audio.hu\/wp-json\/wp\/v2\/pages\/2317","targetHints":{"allow":["GET"]}}],"collection":[{"href":"https:\/\/www.human-audio.hu\/wp-json\/wp\/v2\/pages"}],"about":[{"href":"https:\/\/www.human-audio.hu\/wp-json\/wp\/v2\/types\/page"}],"author":[{"embeddable":true,"href":"https:\/\/www.human-audio.hu\/wp-json\/wp\/v2\/users\/1"}],"replies":[{"embeddable":true,"href":"https:\/\/www.human-audio.hu\/wp-json\/wp\/v2\/comments?post=2317"}],"version-history":[{"count":3,"href":"https:\/\/www.human-audio.hu\/wp-json\/wp\/v2\/pages\/2317\/revisions"}],"predecessor-version":[{"id":4780,"href":"https:\/\/www.human-audio.hu\/wp-json\/wp\/v2\/pages\/2317\/revisions\/4780"}],"wp:attachment":[{"href":"https:\/\/www.human-audio.hu\/wp-json\/wp\/v2\/media?parent=2317"}],"wp:term":[{"taxonomy":"category","embeddable":true,"href":"https:\/\/www.human-audio.hu\/wp-json\/wp\/v2\/categories?post=2317"},{"taxonomy":"post_tag","embeddable":true,"href":"https:\/\/www.human-audio.hu\/wp-json\/wp\/v2\/tags?post=2317"}],"curies":[{"name":"wp","href":"https:\/\/api.w.org\/{rel}","templated":true}]}}